{"id":6869,"date":"2015-11-06T08:59:25","date_gmt":"2015-11-06T07:59:25","guid":{"rendered":"http:\/\/www.wiedergeborene.de\/fr\/?page_id=6869"},"modified":"2020-11-20T14:19:31","modified_gmt":"2020-11-20T13:19:31","slug":"ou-le-viaje-au-centre-de-letre","status":"publish","type":"page","link":"https:\/\/www.wiedergeborene.de\/fr\/","title":{"rendered":"Renate ou le voyage au centre de l\u2018\u00eatre"},"content":{"rendered":"[vc_row][vc_column][rev_slider_vc alias=&#8221;wiedergeborene&#8221;][\/vc_column][vc_column width=&#8221;1\/3&#8243;][vc_column_text]\n<p style=\"text-align: center;\"><a href=\"\/fr\/le-poulpe-kai\/\" class=\"su-button su-button-style-default\" style=\"color:#FFFFFF;background-color:#ce4031;border-color:#a53428;border-radius:0px\" target=\"_self\"><span style=\"color:#FFFFFF;padding:0px 22px;font-size:17px;line-height:34px;border-color:#dd7a6f;border-radius:0px;text-shadow:none\"> Le poulpe: Kai<\/span><\/a>\n[\/vc_column_text][\/vc_column][vc_column width=&#8221;1\/3&#8243;][vc_column_text]\n<p style=\"text-align: center;\"><a href=\"\/fr\/le-faon-anuschka\/\" class=\"su-button su-button-style-default\" style=\"color:#FFFFFF;background-color:#ce4031;border-color:#a53428;border-radius:0px\" target=\"_self\"><span style=\"color:#FFFFFF;padding:0px 22px;font-size:17px;line-height:34px;border-color:#dd7a6f;border-radius:0px;text-shadow:none\"> Le faon: Anuschka<\/span><\/a>\n[\/vc_column_text][\/vc_column][vc_column width=&#8221;1\/3&#8243;][vc_column_text]\n<p style=\"text-align: center;\"><a href=\"\/fr\/le-dragon-fulna\/\" class=\"su-button su-button-style-default\" style=\"color:#FFFFFF;background-color:#ce4031;border-color:#a53428;border-radius:0px\" target=\"_self\"><span style=\"color:#FFFFFF;padding:0px 22px;font-size:17px;line-height:34px;border-color:#dd7a6f;border-radius:0px;text-shadow:none\"> Le dragon: Fulna<\/span><\/a>\n[\/vc_column_text][\/vc_column][\/vc_row][vc_row][vc_column][vc_separator color=&#8221;white&#8221;][vc_column_text]\n<p style=\"text-align: justify;\"><img loading=\"lazy\" decoding=\"async\" class=\"wp-image-6671 alignleft\" src=\"https:\/\/www.wiedergeborene.de\/fr\/wp-content\/uploads\/sites\/4\/2015\/01\/buch-wiedergeborene-oder-die-reise-zum-mittelpunkt-des-selbst1.jpg\" alt=\"buch-wiedergeborene-oder-die-reise-zum-mittelpunkt-des-selbst\" width=\"335\" height=\"460\" srcset=\"https:\/\/www.wiedergeborene.de\/fr\/wp-content\/uploads\/sites\/4\/2015\/01\/buch-wiedergeborene-oder-die-reise-zum-mittelpunkt-des-selbst1.jpg 600w, https:\/\/www.wiedergeborene.de\/fr\/wp-content\/uploads\/sites\/4\/2015\/01\/buch-wiedergeborene-oder-die-reise-zum-mittelpunkt-des-selbst1-219x300.jpg 219w\" sizes=\"auto, (max-width: 335px) 100vw, 335px\" \/><\/p>\n<p style=\"text-align: justify;\">Apr\u00e8s dix ans de travailler comme professeur, Renate Weber ag\u00e9e 34 ans, se retrouve dans une clinique psychosomatique. Ce qui apparait comme le r\u00e9sultat de un burnout se r\u00e9v\u00e8le de plus en plus comme un r\u00e9seau de diverses exp\u00e9riences traumatiques.<\/p>\n<p style=\"text-align: justify;\">Avec les th\u00e9rapeutes Renate va a la recherche pour les causes de ses conflits. Ainsi elle entre dans le tourbillon de l`histoire de vie qu` elle est en train d\u2019\u00e9crire.<\/p>\n<p style=\"text-align: justify;\">L\u2019atmosph\u00e8re et les moments tragiques du pass\u00e9 s\u2019autonomisent. Renate se retrouve dans un \u00e9tat de terreur et de peur. A cause de \u00e7a le directeur de la clinique la conseille d\u2019\u00e9crire un conte de gu\u00e9rison pour surmonter le burnout et la d\u00e9pression. Dans ce conte de gu\u00e9rison un dragon et un poulpe accompagnent un faon sur son chemin difficile au future en surmontant une d\u00e9pression grave. .<\/p>\n<p style=\"text-align: justify;\">En \u00e9crivant le conte dans la clinique Renate d\u00e9couvre son grand don d`imagination. Mais bient\u00f4t les figures imagin\u00e9es \u00ab apparaissent \u00bb dans la th\u00e9rapie en groupe. De mani\u00e8re non &#8211; conventionelle et en m\u00eame temps tragique-comique, elle bouleverse les structures quotidiennes de la clinique.<\/p>\n<p style=\"text-align: justify;\">Quatre mois apr\u00e8s elle a positivement chang\u00e9 et peut sortir de l\u2019h\u00f4pital. Mais son nouveau \u00eatre n\u2019est pas encore stable. Elle s\u2019enfuit au monast\u00e8re. L\u00e0, elle se confronte non seulement avec la question quelle personne elle a \u00e9t\u00e9, mais aussi avec la question quelle personne elle pouvait devenir.<\/p>\n<p style=\"text-align: justify;\">Cette histoire de vie honn\u00eate et sans r\u00e9mission est d\u00e9di\u00e9 aux personnes qui pourraient surmonter le burnout et la d\u00e9pression. Cette lecture peut probablement les d\u00e9barrasser de leur peur et leur honte de venir a une clinique psychosomatique. Pour voir ce que c&#8217;est mon conte de gu\u00e9rison (du dragon) voyez le video:<\/p>\n<p><a href=\"https:\/\/youtu.be\/t7mWUnaG8Y8\"><span lang=\"FR\"><span style=\"color: #0563c1; font-family: Calibri;\">Ici vient le video de la Fulna francaise<\/span><\/span><\/a>[\/vc_column_text][\/vc_column][\/vc_row][vc_row][vc_column][vc_raw_html]JTNDaWZyYW1lJTIwd2lkdGglM0QlMjI1NjAlMjIlMjBoZWlnaHQlM0QlMjIzMTUlMjIlMjBzcmMlM0QlMjJodHRwcyUzQSUyRiUyRnd3dy55b3V0dWJlLW5vY29va2llLmNvbSUyRmVtYmVkJTJGdDdtV1VuYUc4WTglMjIlMjBmcmFtZWJvcmRlciUzRCUyMjAlMjIlMjBhbGxvdyUzRCUyMmFjY2VsZXJvbWV0ZXIlM0IlMjBhdXRvcGxheSUzQiUyMGNsaXBib2FyZC13cml0ZSUzQiUyMGVuY3J5cHRlZC1tZWRpYSUzQiUyMGd5cm9zY29wZSUzQiUyMHBpY3R1cmUtaW4tcGljdHVyZSUyMiUyMGFsbG93ZnVsbHNjcmVlbiUzRSUzQyUyRmlmcmFtZSUzRQ==[\/vc_raw_html][\/vc_column][\/vc_row][vc_row parallax=&#8221;content-moving&#8221; parallax_image=&#8221;6748&#8243;][vc_column][vc_column_text]\n<p style=\"text-align: justify;\"><span lang=\"FR\" style=\"margin: 0px; font-family: 'Times New Roman',serif;\"><span style=\"color: #000000;\">Status Quo et Perspective (extrait du livre: &#8220;Renate ou le voyage au centre de l&#8217;\u00eatre&#8221;)<\/span><\/span><\/p>\n<p style=\"text-align: justify;\"><span lang=\"FR\" style=\"margin: 0px; font-family: 'Times New Roman',serif;\"><span style=\"color: #000000;\">Et maintenant? Est-ce que je me sens plus seule? Est-ce que j\u2019ai r\u00e9ussi \u00e0 \u00e9crire un livre qui aide les autres comme il m\u2019a aid\u00e9\u00a0? Je pense que oui et comme je peux seulement parler pour moi c\u2019est au lecteur de d\u00e9cider. Si ce livre a encourag\u00e9 une seule personne de continuer \u00e0 chercher son chemin il a valu la peine de l\u2019\u00e9crire et de le traduire pendant 5 ans. <\/span><\/span><span lang=\"FR\" style=\"margin: 0px; font-family: 'Times New Roman',serif;\"><span style=\"color: #000000;\">A pr\u00e9sent il y a des situations dans ma vie o\u00f9 je me sens plus seule qu\u2019avant parce que je vois clairement que je pouvais seulement \u00e9crire un conte de gu\u00e9rison pour moi-m\u00eame. Ce que je ne peux pas faire c\u2019est \u00e9crire un conte de gu\u00e9rison qui change ma famille d\u2019origine. Ce genre de panneau interne portant l\u2019inscription \u201eJ\u2019ai eu une enfance joyeuse\u201c n\u2019a plus march\u00e9 pour moi d\u00e8s mon s\u00e9jour dans la clinique psychosomatique. Avec la r\u00e9v\u00e9lation de la gravit\u00e9 de l\u2019abus sexuel que j\u2019ai v\u00e9cu j\u2019ai touch\u00e9 \u00e0 un sujet tabou dans la famille. En m\u00eame temps je voudrais bien faire partie de cette famille et pour pouvoir continuer comme toutes ces ann\u00e9es pass\u00e9es j\u2019aurais bien \u00e9chang\u00e9 ma clart\u00e9 concernant les cons\u00e9quences de l\u2019abus sur ma vie adulte contre l\u2019ignorance qui est n\u00e9cessaire pour ne pas \u00eatre consciente de l\u2019ambiance malsaine qui r\u00e8gne dans ma famille. J\u2019aurais bien pr\u00e9f\u00e9r\u00e9 \u00eatre vraiment n\u2019\u00eatre que \u201etrop sensible\u201c comment on me l\u2019a reproch\u00e9 d\u00e8s mon enfance. <\/span><\/span><\/p>\n<p style=\"text-align: justify;\"><span lang=\"FR\" style=\"margin: 0px; font-family: 'Times New Roman',serif;\"><span style=\"color: #000000;\">M\u00eame l\u2019aide que j\u2019ai re\u00e7ue de ma famille et tous ces bons moments partag\u00e9s apr\u00e8s mon retour ne changeaient rien \u00e0 mes nouvelles prises de consciences. Comme celle de m\u2019\u00eatre content\u00e9e de \u00ab\u00a0miettes\u00a0\u00bb d\u2019attention sans me demander d\u2019o\u00f9 elles me provenaient et avec quelles attentes implices.<\/span><\/span><\/p>\n<p style=\"text-align: justify;\"><span lang=\"FR\" style=\"margin: 0px; font-family: 'Times New Roman',serif;\"><span style=\"color: #000000;\">Et cela est un aspect important de mon livre: Il ne s\u2019agit ni de r\u00e9v\u00e9ler l\u2019abus sexuel, ni d\u2019une \u00ab\u00a0facturation\u00a0\u00bb. Il n\u2019est pas \u201eseulement\u201c un conte de gu\u00e9rison, comme il n\u2019est pas \u201eseulement\u201c un livre autobiographique. <\/span><\/span><\/p>\n<p style=\"text-align: justify;\"><span lang=\"FR\" style=\"margin: 0px; font-family: 'Times New Roman',serif;\"><span style=\"color: #000000;\">Ce que je veux dire c\u2019est: Tant que la remise en \u00e9tat \u00e9tait importante pour moi pour me lib\u00e9rer de ma pauvre perception de moi-m\u00eame, je ne pense pas que le r\u00f4le des coupables au pr\u00e9sent est essentiel dans ma vie quotidienne. L\u2019essentiel c\u2019est que j\u2019ai exp\u00e9riment\u00e9 que le centre de mon \u00eatre est une chose diff\u00e9remment aux satisfactions des attentes des autres. J\u2019ai appris que-ind\u00e9pendamment du chemin que j\u2019ai choisi je suis une personne pr\u00e9cieuse qui m\u00e9rite le respect des autres et de moi-m\u00eame. En ce qui concerne ma famille et des amiti\u00e9s d\u00e9savantageux je peux d\u00e9cider de l\u00e2cher passer les sch\u00e9mas de d\u00e9pendance, pauvret\u00e9 et franchissement des fronti\u00e8res et de chercher un nouveau chemin\u00a0: Le chemin <\/span><span style=\"color: #000000;\">\u00a0<\/span><span style=\"color: #000000;\">de respect de moi. <\/span><\/span><\/p>\n<p style=\"text-align: justify;\"><span lang=\"FR\" style=\"margin: 0px; font-family: 'Times New Roman',serif;\"><span style=\"color: #000000;\">En ce chemin j\u2019ai rencontr\u00e9 des copains, copains pour seulement quelques \u201estations\u201c, copains pour un petit \u00e9change et peut-\u00eatre amis pour toute la vie.\u00a0<\/span><\/span><\/p>\n<p style=\"text-align: justify;\"><span lang=\"FR\" style=\"margin: 0px; font-family: 'Times New Roman',serif;\"><span style=\"color: #000000;\">Renate Weber<\/span><\/span><\/p>\n[\/vc_column_text][vc_single_image image=&#8221;6673&#8243; img_size=&#8221;large&#8221; alignment=&#8221;center&#8221; css_animation=&#8221;top-to-bottom&#8221; title=&#8221;Ici vient le video de la Fulna francaise&#8221;][\/vc_column][vc_column][vc_column_text]\n<h3 style=\"text-align: center;\"><span style=\"color: #ce4030;\">Download gratis de l\u2018 extrait du livre<\/span><\/h3>\n[\/vc_column_text][\/vc_column][vc_column width=&#8221;1\/4&#8243;][vc_column_text]\n<div class=\"su-spacer\" style=\"height:40px\"><\/div>\n[\/vc_column_text][\/vc_column][vc_column width=&#8221;1\/2&#8243;][vc_raw_html]JTNDJTIxLS1TVEFSVCUyMFNjcmlwdHMlMjAlM0ElMjB0aGlzJTIwaXMlMjB0aGUlMjBzY3JpcHQlMjBwYXJ0JTIweW91JTIwY2FuJTIwYWRkJTIwdG8lMjB0aGUlMjBoZWFkZXIlMjBvZiUyMHlvdXIlMjB0aGVtZS0tJTNFJTBBJTNDc2NyaXB0JTIwdHlwZSUzRCUyMnRleHQlMkZqYXZhc2NyaXB0JTIyJTIwc3JjJTNEJTIyaHR0cHMlM0ElMkYlMkZ3d3cud2llZGVyZ2Vib3JlbmUuZGUlMkZ3cC1pbmNsdWRlcyUyRmpzJTJGanF1ZXJ5JTJGanF1ZXJ5LmpzJTNGdmVyJTNEMi44LjIlMjIlM0UlM0MlMkZzY3JpcHQlM0UlMEElM0NzY3JpcHQlMjB0eXBlJTNEJTIydGV4dCUyRmphdmFzY3JpcHQlMjIlMjBzcmMlM0QlMjJodHRwcyUzQSUyRiUyRnd3dy53aWVkZXJnZWJvcmVuZS5kZSUyRndwLWNvbnRlbnQlMkZwbHVnaW5zJTJGd3lzaWphLW5ld3NsZXR0ZXJzJTJGanMlMkZ2YWxpZGF0ZSUyRmxhbmd1YWdlcyUyRmpxdWVyeS52YWxpZGF0aW9uRW5naW5lLWRlLmpzJTNGdmVyJTNEMi44LjIlMjIlM0UlM0MlMkZzY3JpcHQlM0UlMEElM0NzY3JpcHQlMjB0eXBlJTNEJTIydGV4dCUyRmphdmFzY3JpcHQlMjIlMjBzcmMlM0QlMjJodHRwcyUzQSUyRiUyRnd3dy53aWVkZXJnZWJvcmVuZS5kZSUyRndwLWNvbnRlbnQlMkZwbHVnaW5zJTJGd3lzaWphLW5ld3NsZXR0ZXJzJTJGanMlMkZ2YWxpZGF0ZSUyRmpxdWVyeS52YWxpZGF0aW9uRW5naW5lLmpzJTNGdmVyJTNEMi44LjIlMjIlM0UlM0MlMkZzY3JpcHQlM0UlMEElM0NzY3JpcHQlMjB0eXBlJTNEJTIydGV4dCUyRmphdmFzY3JpcHQlMjIlMjBzcmMlM0QlMjJodHRwcyUzQSUyRiUyRnd3dy53aWVkZXJnZWJvcmVuZS5kZSUyRndwLWNvbnRlbnQlMkZwbHVnaW5zJTJGd3lzaWphLW5ld3NsZXR0ZXJzJTJGanMlMkZmcm9udC1zdWJzY3JpYmVycy5qcyUzRnZlciUzRDIuOC4yJTIyJTNFJTNDJTJGc2NyaXB0JTNFJTBBJTNDc2NyaXB0JTIwdHlwZSUzRCUyMnRleHQlMkZqYXZhc2NyaXB0JTIyJTNFJTBBJTIwJTIwJTIwJTIwJTIwJTIwJTIwJTIwJTIwJTIwJTIwJTIwJTIwJTIwJTIwJTIwJTJGJTJBJTIwJTNDJTIxJTVCQ0RBVEElNUIlMjAlMkElMkYlMEElMjAlMjAlMjAlMjAlMjAlMjAlMjAlMjAlMjAlMjAlMjAlMjAlMjAlMjAlMjAlMjB2YXIlMjB3eXNpamFBSkFYJTIwJTNEJTIwJTdCJTIyYWN0aW9uJTIyJTNBJTIyd3lzaWphX2FqYXglMjIlMkMlMjJjb250cm9sbGVyJTIyJTNBJTIyc3Vic2NyaWJlcnMlMjIlMkMlMjJhamF4dXJsJTIyJTNBJTIyaHR0cHMlM0ElMkYlMkZ3d3cud2llZGVyZ2Vib3JlbmUuZGUlMkZ3cC1hZG1pbiUyRmFkbWluLWFqYXgucGhwJTIyJTJDJTIybG9hZGluZ1RyYW5zJTIyJTNBJTIyV2lyZCUyMGdlbGFkZW4uLi4lMjIlN0QlM0IlMEElMjAlMjAlMjAlMjAlMjAlMjAlMjAlMjAlMjAlMjAlMjAlMjAlMjAlMjAlMjAlMjAlMkYlMkElMjAlNUQlNUQlM0UlMjAlMkElMkYlMEElMjAlMjAlMjAlMjAlMjAlMjAlMjAlMjAlMjAlMjAlMjAlMjAlMjAlMjAlMjAlMjAlM0MlMkZzY3JpcHQlM0UlM0NzY3JpcHQlMjB0eXBlJTNEJTIydGV4dCUyRmphdmFzY3JpcHQlMjIlMjBzcmMlM0QlMjJodHRwcyUzQSUyRiUyRnd3dy53aWVkZXJnZWJvcmVuZS5kZSUyRndwLWNvbnRlbnQlMkZwbHVnaW5zJTJGd3lzaWphLW5ld3NsZXR0ZXJzJTJGanMlMkZmcm9udC1zdWJzY3JpYmVycy5qcyUzRnZlciUzRDIuOC4yJTIyJTNFJTNDJTJGc2NyaXB0JTNFJTBBJTNDJTIxLS1FTkQlMjBTY3JpcHRzLS0lM0UlMEElMEElM0NkaXYlMjBjbGFzcyUzRCUyMndpZGdldF93eXNpamFfY29udCUyMGh0bWxfd3lzaWphJTIyJTNFJTNDZGl2JTIwaWQlM0QlMjJtc2ctZm9ybS13eXNpamEtaHRtbDViMDdmNDJlNWY0ODAtMyUyMiUyMGNsYXNzJTNEJTIyd3lzaWphLW1zZyUyMGFqYXglMjIlM0UlM0MlMkZkaXYlM0UlM0Nmb3JtJTIwaWQlM0QlMjJmb3JtLXd5c2lqYS1odG1sNWIwN2Y0MmU1ZjQ4MC0zJTIyJTIwbWV0aG9kJTNEJTIycG9zdCUyMiUyMGFjdGlvbiUzRCUyMiUyM3d5c2lqYSUyMiUyMGNsYXNzJTNEJTIyd2lkZ2V0X3d5c2lqYSUyMGh0bWxfd3lzaWphJTIyJTNFJTBBJTNDcCUyMGNsYXNzJTNEJTIyd3lzaWphLXBhcmFncmFwaCUyMiUzRSUwQSUyMCUyMCUyMCUyMCUwQSUyMCUyMCUyMCUyMCUwQSUyMCUyMCUyMCUyMCUwOSUzQ2lucHV0JTIwdHlwZSUzRCUyMnRleHQlMjIlMjBuYW1lJTNEJTIyd3lzaWphJTVCdXNlciU1RCU1QmVtYWlsJTVEJTIyJTIwY2xhc3MlM0QlMjJ3eXNpamEtaW5wdXQlMjB2YWxpZGF0ZSU1QnJlcXVpcmVkJTJDY3VzdG9tJTVCZW1haWwlNUQlNUQlMjIlMjB0aXRsZSUzRCUyMkUtTWFpbCUyQSUyMiUyMHBsYWNlaG9sZGVyJTNEJTIyRS1NYWlsJTJBJTIyJTIwdmFsdWUlM0QlMjIlMjIlMjAlMkYlM0UlMEElMjAlMjAlMjAlMjAlMEElMjAlMjAlMjAlMjAlMEElMjAlMjAlMjAlMjAlMEElMjAlMjAlMjAlMjAlM0NzcGFuJTIwY2xhc3MlM0QlMjJhYnMtcmVxJTIyJTNFJTBBJTIwJTIwJTIwJTIwJTIwJTIwJTIwJTIwJTNDaW5wdXQlMjB0eXBlJTNEJTIydGV4dCUyMiUyMG5hbWUlM0QlMjJ3eXNpamElNUJ1c2VyJTVEJTVCYWJzJTVEJTVCZW1haWwlNUQlMjIlMjBjbGFzcyUzRCUyMnd5c2lqYS1pbnB1dCUyMHZhbGlkYXRlZCU1QmFicyU1RCU1QmVtYWlsJTVEJTIyJTIwdmFsdWUlM0QlMjIlMjIlMjAlMkYlM0UlMEElMjAlMjAlMjAlMjAlM0MlMkZzcGFuJTNFJTBBJTIwJTIwJTIwJTIwJTBBJTNDJTJGcCUzRSUwQSUzQ3AlMjBjbGFzcyUzRCUyMnd5c2lqYS1wYXJhZ3JhcGglMjIlM0UlMEElMDklM0NsYWJlbCUzRURhdGVuc2NodXR6JTIwRU4lM0MlMkZsYWJlbCUzRSUwQSUwOSUzQ2lucHV0JTIwdHlwZSUzRCUyMmhpZGRlbiUyMiUyMG5hbWUlM0QlMjJ3eXNpamElNUJmaWVsZCU1RCU1QmNmXzIlNUQlMjIlMjB2YWx1ZSUzRCUyMjAlMjIlMjAlMkYlM0UlMEElMjAlMjAlMjAlMjAlMEElMjAlMjAlMjAlMjAlMDklM0NsYWJlbCUyMGNsYXNzJTNEJTIyd3lzaWphLWNoZWNrYm94LWxhYmVsJTIyJTNFJTNDaW5wdXQlMjB0eXBlJTNEJTIyY2hlY2tib3glMjIlMjBjbGFzcyUzRCUyMnd5c2lqYS1jaGVja2JveCUyMHZhbGlkYXRlJTVCcmVxdWlyZWQlNUQlMjIlMjBuYW1lJTNEJTIyd3lzaWphJTVCZmllbGQlNUQlNUJjZl8yJTVEJTIyJTIwdmFsdWUlM0QlMjIxJTIyJTIwJTIwJTJGJTNFSSUyMGhhdmUlMjByZWFkJTIwdGhlJTIwcHJpdmFjeSUyMHBvbGljeSUyMGFuZCUyMGFjY2VwdCUyMGl0LiUzQyUyRmxhYmVsJTNFJTBBJTIwJTIwJTIwJTIwJTBBJTNDJTJGcCUzRSUwQSUwQSUzQ2lucHV0JTIwY2xhc3MlM0QlMjJ3eXNpamEtc3VibWl0JTIwd3lzaWphLXN1Ym1pdC1maWVsZCUyMiUyMHR5cGUlM0QlMjJzdWJtaXQlMjIlMjB2YWx1ZSUzRCUyMlNlbmRlbiUyMiUyMCUyRiUzRSUwQSUwQSUyMCUyMCUyMCUyMCUzQ2lucHV0JTIwdHlwZSUzRCUyMmhpZGRlbiUyMiUyMG5hbWUlM0QlMjJmb3JtX2lkJTIyJTIwdmFsdWUlM0QlMjIzJTIyJTIwJTJGJTNFJTBBJTIwJTIwJTIwJTIwJTNDaW5wdXQlMjB0eXBlJTNEJTIyaGlkZGVuJTIyJTIwbmFtZSUzRCUyMmFjdGlvbiUyMiUyMHZhbHVlJTNEJTIyc2F2ZSUyMiUyMCUyRiUzRSUwQSUyMCUyMCUyMCUyMCUzQ2lucHV0JTIwdHlwZSUzRCUyMmhpZGRlbiUyMiUyMG5hbWUlM0QlMjJjb250cm9sbGVyJTIyJTIwdmFsdWUlM0QlMjJzdWJzY3JpYmVycyUyMiUyMCUyRiUzRSUwQSUyMCUyMCUyMCUyMCUzQ2lucHV0JTIwdHlwZSUzRCUyMmhpZGRlbiUyMiUyMHZhbHVlJTNEJTIyMSUyMiUyMG5hbWUlM0QlMjJ3eXNpamEtcGFnZSUyMiUyMCUyRiUzRSUwQSUwQSUyMCUyMCUyMCUyMCUwQSUyMCUyMCUyMCUyMCUyMCUyMCUyMCUyMCUzQ2lucHV0JTIwdHlwZSUzRCUyMmhpZGRlbiUyMiUyMG5hbWUlM0QlMjJ3eXNpamElNUJ1c2VyX2xpc3QlNUQlNUJsaXN0X2lkcyU1RCUyMiUyMHZhbHVlJTNEJTIyOSUyMiUyMCUyRiUzRSUwQSUyMCUyMCUyMCUyMCUwQSUyMCUzQyUyRmZvcm0lM0UlM0MlMkZkaXYlM0U=[\/vc_raw_html][\/vc_column][vc_column width=&#8221;1\/4&#8243;][vc_column_text]\n<div class=\"su-spacer\" style=\"height:40px\"><\/div>\n[\/vc_column_text][\/vc_column][vc_column][vc_column_text]\n<div class=\"su-spacer\" style=\"height:40px\"><\/div>\n[\/vc_column_text][\/vc_column][vc_column][\/vc_column][\/vc_row]\n","protected":false},"excerpt":{"rendered":"<p>[vc_row][vc_column][rev_slider_vc alias=&#8221;wiedergeborene&#8221;][\/vc_column][vc_column width=&#8221;1\/3&#8243;][vc_column_text] Le poulpe: Kai [\/vc_column_text][\/vc_column][vc_column width=&#8221;1\/3&#8243;][vc_column_text] Le faon: Anuschka [\/vc_column_text][\/vc_column][vc_column width=&#8221;1\/3&#8243;][vc_column_text] Le dragon: Fulna [\/vc_column_text][\/vc_column][\/vc_row][vc_row][vc_column][vc_separator color=&#8221;white&#8221;][vc_column_text] Apr\u00e8s dix ans de travailler comme professeur, Renate Weber ag\u00e9e 34 ans, se retrouve dans une clinique psychosomatique. Ce qui apparait comme le r\u00e9sultat de un burnout se r\u00e9v\u00e8le de plus en plus comme un r\u00e9seau de [&#8230;]<\/p>\n","protected":false},"author":1,"featured_media":0,"parent":0,"menu_order":0,"comment_status":"closed","ping_status":"closed","template":"","meta":{"footnotes":""},"class_list":["post-6869","page","type-page","status-publish","hentry"],"_links":{"self":[{"href":"https:\/\/www.wiedergeborene.de\/fr\/wp-json\/wp\/v2\/pages\/6869","targetHints":{"allow":["GET"]}}],"collection":[{"href":"https:\/\/www.wiedergeborene.de\/fr\/wp-json\/wp\/v2\/pages"}],"about":[{"href":"https:\/\/www.wiedergeborene.de\/fr\/wp-json\/wp\/v2\/types\/page"}],"author":[{"embeddable":true,"href":"https:\/\/www.wiedergeborene.de\/fr\/wp-json\/wp\/v2\/users\/1"}],"replies":[{"embeddable":true,"href":"https:\/\/www.wiedergeborene.de\/fr\/wp-json\/wp\/v2\/comments?post=6869"}],"version-history":[{"count":13,"href":"https:\/\/www.wiedergeborene.de\/fr\/wp-json\/wp\/v2\/pages\/6869\/revisions"}],"predecessor-version":[{"id":7511,"href":"https:\/\/www.wiedergeborene.de\/fr\/wp-json\/wp\/v2\/pages\/6869\/revisions\/7511"}],"wp:attachment":[{"href":"https:\/\/www.wiedergeborene.de\/fr\/wp-json\/wp\/v2\/media?parent=6869"}],"curies":[{"name":"wp","href":"https:\/\/api.w.org\/{rel}","templated":true}]}}