{"id":6660,"date":"2015-10-05T16:17:56","date_gmt":"2015-10-05T14:17:56","guid":{"rendered":"http:\/\/www.wiedergeborene.de\/?page_id=6660"},"modified":"2015-10-23T08:32:57","modified_gmt":"2015-10-23T06:32:57","slug":"le-dragon-fulna","status":"publish","type":"page","link":"https:\/\/www.wiedergeborene.de\/fr\/le-dragon-fulna\/","title":{"rendered":"Le dragon: Fulna"},"content":{"rendered":"[vc_row][vc_column][vc_single_image image=&#8221;6814&#8243; img_size=&#8221;full&#8221; alignment=&#8221;center&#8221; css_animation=&#8221;right-to-left&#8221;][\/vc_column][\/vc_row][vc_row][vc_column][vc_column_text css_animation=&#8221;bottom-to-top&#8221;]\n<h3>Bonjour toi,<\/h3>\n<p>Je suis Fulna, le dragon rouge. Mes nuages de feu sont grandes et craint\u00e9es. Elles sont de la m\u00eame couleur que mes \u00e9cailles. J\u2019ai des yeux bleus et grands, un corne, des \u00e9pines, des crocs et comme arme secr\u00e8te\u00a0: ma queue \u00e9pineuse je peux batter comme un sabre recourb\u00e9 dans le corps d\u2019enemie. J\u2019accompagne le faon Anuschka sur son chemin ardu dans le future. Et je vais la prot\u00e8ger contre nos attaquants- coute que coute. Mais d\u00e8s que Kai le poulpe nos a joint, j\u2019ai encore un prot\u00e8g\u00e9 plus sans l\u2019avoir voulu.[\/vc_column_text][\/vc_column][\/vc_row][vc_row][vc_column][vc_column_text css_animation=&#8221;bottom-to-top&#8221;]\n<div class=\"su-button-center\"><a href=\"https:\/\/www.wiedergeborene.de\/fr\" class=\"su-button su-button-style-default\" style=\"color:#FFFFFF;background-color:#ce4031;border-color:#a53428;border-radius:0px\" target=\"_self\"><span style=\"color:#FFFFFF;padding:7px 22px;font-size:17px;line-height:26px;border-color:#dd7a6f;border-radius:0px;text-shadow:none\"><i class=\"sui sui-home\" style=\"font-size:17px;color:#FFFFFF\"><\/i> Retourner \u00e0 la premier page <\/span><\/a><\/div>\n[\/vc_column_text][\/vc_column][\/vc_row]\n","protected":false},"excerpt":{"rendered":"<p>[vc_row][vc_column][vc_single_image image=&#8221;6814&#8243; img_size=&#8221;full&#8221; alignment=&#8221;center&#8221; css_animation=&#8221;right-to-left&#8221;][\/vc_column][\/vc_row][vc_row][vc_column][vc_column_text css_animation=&#8221;bottom-to-top&#8221;] Bonjour toi, Je suis Fulna, le dragon rouge. Mes nuages de feu sont grandes et craint\u00e9es. Elles sont de la m\u00eame couleur que mes \u00e9cailles. J\u2019ai des yeux bleus et grands, un corne, des \u00e9pines, des crocs et comme arme secr\u00e8te\u00a0: ma queue \u00e9pineuse je peux batter comme un [&#8230;]<\/p>\n","protected":false},"author":1,"featured_media":6562,"parent":0,"menu_order":0,"comment_status":"closed","ping_status":"closed","template":"","meta":{"footnotes":""},"class_list":["post-6660","page","type-page","status-publish","has-post-thumbnail","hentry"],"_links":{"self":[{"href":"https:\/\/www.wiedergeborene.de\/fr\/wp-json\/wp\/v2\/pages\/6660","targetHints":{"allow":["GET"]}}],"collection":[{"href":"https:\/\/www.wiedergeborene.de\/fr\/wp-json\/wp\/v2\/pages"}],"about":[{"href":"https:\/\/www.wiedergeborene.de\/fr\/wp-json\/wp\/v2\/types\/page"}],"author":[{"embeddable":true,"href":"https:\/\/www.wiedergeborene.de\/fr\/wp-json\/wp\/v2\/users\/1"}],"replies":[{"embeddable":true,"href":"https:\/\/www.wiedergeborene.de\/fr\/wp-json\/wp\/v2\/comments?post=6660"}],"version-history":[{"count":3,"href":"https:\/\/www.wiedergeborene.de\/fr\/wp-json\/wp\/v2\/pages\/6660\/revisions"}],"predecessor-version":[{"id":6863,"href":"https:\/\/www.wiedergeborene.de\/fr\/wp-json\/wp\/v2\/pages\/6660\/revisions\/6863"}],"wp:featuredmedia":[{"embeddable":true,"href":"https:\/\/www.wiedergeborene.de\/fr\/wp-json\/wp\/v2\/media\/6562"}],"wp:attachment":[{"href":"https:\/\/www.wiedergeborene.de\/fr\/wp-json\/wp\/v2\/media?parent=6660"}],"curies":[{"name":"wp","href":"https:\/\/api.w.org\/{rel}","templated":true}]}}