{"id":6890,"date":"2015-11-06T08:51:32","date_gmt":"2015-11-06T07:51:32","guid":{"rendered":"http:\/\/www.wiedergeborene.de\/es\/?page_id=6890"},"modified":"2020-11-27T09:54:01","modified_gmt":"2020-11-27T08:54:01","slug":"el-viaje-al-centro-del-ser","status":"publish","type":"page","link":"https:\/\/www.wiedergeborene.de\/es\/","title":{"rendered":"El viaje al centro del ser"},"content":{"rendered":"[vc_row][vc_column][rev_slider_vc alias=&#8221;wiedergeborene&#8221;][\/vc_column][vc_column width=&#8221;1\/3&#8243;][vc_column_text]\n<p style=\"text-align: center;\"><a href=\"\/es\/el-pulpo-kai\/\" class=\"su-button su-button-style-default\" style=\"color:#FFFFFF;background-color:#ce4031;border-color:#a53428;border-radius:0px\" target=\"_self\"><span style=\"color:#FFFFFF;padding:0px 22px;font-size:17px;line-height:34px;border-color:#dd7a6f;border-radius:0px;text-shadow:none\"> El pulpo: Kai<\/span><\/a>\n[\/vc_column_text][\/vc_column][vc_column width=&#8221;1\/3&#8243;][vc_column_text]\n<p style=\"text-align: center;\"><a href=\"\/es\/el-cervatillo-anuschka\/\" class=\"su-button su-button-style-default\" style=\"color:#FFFFFF;background-color:#ce4031;border-color:#a53428;border-radius:0px\" target=\"_self\"><span style=\"color:#FFFFFF;padding:0px 22px;font-size:17px;line-height:34px;border-color:#dd7a6f;border-radius:0px;text-shadow:none\"> El cervatillo: Anuschka<\/span><\/a>\n[\/vc_column_text][\/vc_column][vc_column width=&#8221;1\/3&#8243;][vc_column_text]\n<p style=\"text-align: center;\"><a href=\"\/es\/la-dragona-fulna\/\" class=\"su-button su-button-style-default\" style=\"color:#FFFFFF;background-color:#ce4031;border-color:#a53428;border-radius:0px\" target=\"_self\"><span style=\"color:#FFFFFF;padding:0px 22px;font-size:17px;line-height:34px;border-color:#dd7a6f;border-radius:0px;text-shadow:none\"> La dragona: Fulna<\/span><\/a>\n[\/vc_column_text][\/vc_column][\/vc_row][vc_row][vc_column][vc_separator color=&#8221;white&#8221;][vc_column_text]\n<p style=\"text-align: justify;\"><img loading=\"lazy\" decoding=\"async\" class=\"wp-image-6671\" src=\"https:\/\/www.wiedergeborene.de\/wp-content\/uploads\/2015\/01\/buch-wiedergeborene-oder-die-reise-zum-mittelpunkt-des-selbst1.jpg\" alt=\"buch-wiedergeborene-oder-die-reise-zum-mittelpunkt-des-selbst\" width=\"335\" height=\"460\" srcset=\"https:\/\/www.wiedergeborene.de\/es\/wp-content\/uploads\/sites\/3\/2015\/01\/buch-wiedergeborene-oder-die-reise-zum-mittelpunkt-des-selbst1.jpg 600w, https:\/\/www.wiedergeborene.de\/es\/wp-content\/uploads\/sites\/3\/2015\/01\/buch-wiedergeborene-oder-die-reise-zum-mittelpunkt-des-selbst1-219x300.jpg 219w\" sizes=\"auto, (max-width: 335px) 100vw, 335px\" \/><\/p>\n<p style=\"text-align: justify;\">Despu\u00e9s de 10 a\u00f1os de ejercer como profesora, Renate Weber, de 34 a\u00f1os, se encuentra a s\u00ed misma en una psiquiatr\u00eda especializada para sintomatolog\u00edas psicosom\u00e1ticas. Lo que inicialmente parece el resultado de un burnout (=agotamiento)\u00a0se revela paulatinamente como la consecuencia de diversas experiencias traum\u00e1ticas.<\/p>\n<p style=\"text-align: justify;\">Con ayuda de los terapeutas, Renate inicia la b\u00fasqueda del origen de sus conflictos para superar el burnout y la depresi\u00f3n. Y es as\u00ed como se adentra en el torbellino de su historia de vida. La atm\u00f3sfera y los momentos tr\u00e1gicos del pasado se apoderan de ella. Pasa a un estado de terror y miedo p\u00e1nico. Por este motivo, el director de la cl\u00ednica le aconseja escribir un cuento para superar el burnout y la depresi\u00f3n. En este cuento una dragona y un pulpo acompa\u00f1an un cervatillo corcina en su camino dif\u00edcil al futuro superando una profunda tristeza.<\/p>\n<p style=\"text-align: justify;\">En la cl\u00ednica Renate descubre su gran talento imaginativo y poco despu\u00e9s las figuras imaginadas aparecen en la terapia de grupo. De una forma no convencional, y con un estilo tragic\u00f3mico, Renate provoca un giro en el ritmo cotidiano de la cl\u00ednica.<\/p>\n<p style=\"text-align: justify;\">Cuatro meses m\u00e1s tarde ha cambiado positivamente y puede salir de la cl\u00ednica. Pero su nuevo \u201cYo\u201d no es a\u00fan s\u00f3lido, y ella se refugia en un monasterio. All\u00ed se enfrenta no solamente con el dilema de la persona que ha sido hasta ahora, sino con el de la persona en la que podr\u00eda convertirse.<\/p>\n<p style=\"text-align: justify;\">Esta historia de vida honesta y sin prejuicios est\u00e1 dirigida a personas que deseen superar el burnout y la depresi\u00f3n. Probablemente la lectura pueda despojarles de sus miedos y del sentimiento de verg\u00fcenza de acudir a una cl\u00ednica especializada. Para ver como &#8220;funciona&#8221; el cuento de curaci\u00f3n&#8221; de drag\u00f3n haz clic en el enlace siguiente: <a href=\"https:\/\/youtu.be\/TTnn3UaMxWE\" target=\"_blank\" rel=\"noopener noreferrer\"><span style=\"color: #ff0000;\">Aqui viene el fulna video en castellano<\/span><\/a><\/p>\n[\/vc_column_text][vc_raw_html]JTNDaWZyYW1lJTIwd2lkdGglM0QlMjI1NjAlMjIlMjBoZWlnaHQlM0QlMjIzMTUlMjIlMjBzcmMlM0QlMjJodHRwcyUzQSUyRiUyRnd3dy55b3V0dWJlLW5vY29va2llLmNvbSUyRmVtYmVkJTJGVFRubjNVYU14V0UlMjIlMjBmcmFtZWJvcmRlciUzRCUyMjAlMjIlMjBhbGxvdyUzRCUyMmFjY2VsZXJvbWV0ZXIlM0IlMjBhdXRvcGxheSUzQiUyMGNsaXBib2FyZC13cml0ZSUzQiUyMGVuY3J5cHRlZC1tZWRpYSUzQiUyMGd5cm9zY29wZSUzQiUyMHBpY3R1cmUtaW4tcGljdHVyZSUyMiUyMGFsbG93ZnVsbHNjcmVlbiUzRSUzQyUyRmlmcmFtZSUzRQ==[\/vc_raw_html][vc_column_text]\n<p style=\"text-align: left;\" align=\"center\"><span lang=\"ES\">Status quo y perspectiva (extracto de \u201cRenate o el viaje al centro del ser\u201d)<\/span><\/p>\n<p style=\"text-align: left;\" align=\"center\"><span lang=\"ES-TRAD\"><span style=\"color: #000000; font-family: Times New Roman;\">Perspectiva<\/span><\/span><\/p>\n<p style=\"text-align: left;\"><span lang=\"ES-TRAD\"><span style=\"color: #000000; font-family: Times New Roman;\">\u00bfY ahora que?<\/span><span style=\"color: #000000; font-family: Times New Roman;\">\u00a0\u00a0 <\/span><span style=\"color: #000000; font-family: Times New Roman;\">\u00bfMe siento m\u00e1s perdida y sola? He logrado escribir un libro, \u00bfy me ayuda igual que a otros? Digo que es asi<\/span><span style=\"color: #000000; font-family: Times New Roman;\">\u00a0\u00a0 <\/span><span style=\"color: #000000; font-family: Times New Roman;\">y, solamente lo puedo resporder<\/span><span style=\"color: #000000; font-family: Times New Roman;\">\u00a0\u00a0 <\/span><span style=\"color: #000000; font-family: Times New Roman;\">en mi lugar y que cada uno es quien debe decidirlo. Si la novela autobiogr\u00e1fica ha dado el coraje solamente a<\/span><span style=\"color: #000000; font-family: Times New Roman;\">\u00a0 <\/span><span style=\"color: #000000; font-family: Times New Roman;\">una persona para que siga su camino entonces, digo, que ha valido la pena.<\/span><\/span><\/p>\n<p style=\"text-align: left;\"><span lang=\"ES-TRAD\"><span style=\"color: #000000; font-family: Times New Roman;\">\u00a0<\/span><\/span><span lang=\"ES-TRAD\"><span style=\"color: #000000; font-family: Times New Roman;\">En algunas circunstancias<\/span><span style=\"color: #000000; font-family: Times New Roman;\">\u00a0\u00a0 <\/span><span style=\"color: #000000; font-family: Times New Roman;\">de mi vida, ahora me siento m\u00e1s sola que antes. Comprend\u00ed que \u201csolo\u201c puedo escribir un cuento de curaci\u00f3n para mi misma. Lo que no puedo hacer es escribir un cuento que cambie a mi familia.<\/span><\/span><\/p>\n<p style=\"text-align: left;\"><span lang=\"ES-TRAD\"><span style=\"color: #000000; font-family: Times New Roman;\">\u00a0<\/span><\/span><span lang=\"ES-TRAD\"><span style=\"color: #000000; font-family: Times New Roman;\">Llevar la etiqueta \u201cha tenido una infancia feliz\u201c<\/span><span style=\"color: #000000; font-family: Times New Roman;\">\u00a0 <\/span><span style=\"color: #000000; font-family: Times New Roman;\">&#8211; no ayuda a \u201cvolar\u201c tras mi \u201crevelaci\u00f3n\u201c del secreto. El secreto de haber sufrido abuso sexual durante mi infancia. Simultaneamente<\/span><span style=\"color: #000000; font-family: Times New Roman;\">\u00a0\u00a0 <\/span><span style=\"color: #000000; font-family: Times New Roman;\">acabar con<\/span><span style=\"color: #000000; font-family: Times New Roman;\">\u00a0\u00a0 <\/span><span style=\"color: #000000; font-family: Times New Roman;\">el tab\u00fa<\/span><span style=\"color: #000000; font-family: Times New Roman;\">\u00a0 <\/span><span style=\"color: #000000; font-family: Times New Roman;\">quer\u00eda pertenecer m\u00e1s a mi familia de origen. Una parte de mi todav\u00eda quiere creer -como me hab\u00edan dicho cuando era ni\u00f1a- que mi percepci\u00f3n y mis sentimientos no eran correctos. Que, simplemente, yo era \u201cdemasiado sensitiva\u201c para el mundo.<\/span><\/span><\/p>\n<p style=\"text-align: left;\"><span lang=\"ES-TRAD\"><span style=\"color: #000000; font-family: Times New Roman;\">\u00a0<\/span><\/span><span lang=\"ES-TRAD\"><span style=\"color: #000000; font-family: Times New Roman;\">Tambi\u00e9n, hay buenos recuerdos y momentos maravillosos y tambi\u00e9n, despu\u00e9s de mi estancia en la cl\u00ednica psicosom\u00e1tica. Pero esas buenas memorias junto al apoyo que recib\u00ed para mi educaci\u00f3n no borrar\u00e1n mis conclusiones sobre lo que andaba mal en mi familia. Una de las conclusiones es que, en todos aquellos a\u00f1os, siempre devoraba los pedazos de \u201ccari\u00f1o\u201c, sin cuestionarme los motivos de la persona que me tiraba esos \u201cpedazos de afecci\u00f3n\u201c.<\/span><\/span><\/p>\n<p style=\"text-align: left;\"><span lang=\"ES-TRAD\"><span style=\"color: #000000; font-family: Times New Roman;\">\u00a0<\/span><\/span><span lang=\"ES-TRAD\"><span style=\"color: #000000; font-family: Times New Roman;\">Y ahora, quiero hablar de un tema importante de mi novela autobiogr\u00e1fica: No es solo una discusi\u00f3n sobre el tema del abuso. Ni es \u201csolo\u201c un cuento de curaci\u00f3n ni una pura novela autobiogr\u00e1fica. Para m\u00ed, ha sido importante repasar mis traum\u00e1ticas memorias para desconectarme de ellas, pero en mi vida actual, mi familia no juega un papel tan importante como antes. Y eso, es lo que aprend\u00ed: Aprend\u00ed que mi verdadero \u201cser\u201c no es simplemente la amplificaci\u00f3n de las expectaciones y deseos de los dem\u00e1s. Comprend\u00ed que, independientemente del camino que elija tengo que respetarme a m\u00ed misma y, tambi\u00e9n, que los otros me respeten. Soy una persona valorable. Si miro a mi familia, ahora,<\/span><span style=\"color: #000000; font-family: Times New Roman;\">\u00a0 <\/span><span style=\"color: #000000; font-family: Times New Roman;\">puedo decidir dejar atr\u00e1s la codependencia y el continuo mal respeto de mis l\u00edmites. Puedo procurarme una nueva vida y, por el camino encuentro compa\u00f1eros: compa\u00f1eros de algunas \u201cestaciones\u201c, compa\u00f1eros para una temporadita y, posiblemente, compa\u00f1eros para toda la vida.<\/span><\/span><\/p>\n<p style=\"text-align: left;\"><span lang=\"ES-TRAD\"><span style=\"color: #000000; font-family: Times New Roman;\">\u00a0<\/span><\/span><span lang=\"ES-TRAD\"><span style=\"color: #000000; font-family: Times New Roman;\">Os deseo mucha suerte y \u00a1buen viaje!.<\/span><\/span><\/p>\n<p style=\"text-align: left;\"><span lang=\"ES-TRAD\" style=\"margin: 0px; font-family: 'Arial',sans-serif; font-size: 14pt;\"><span style=\"color: #000000;\">\u00a0<\/span><\/span><span style=\"color: #000000; font-family: Times New Roman;\">Renate Weber<\/span><span style=\"color: #000000; font-family: Times New Roman;\">\u00a0 <\/span><\/p>\n[\/vc_column_text][\/vc_column][\/vc_row][vc_row parallax=&#8221;content-moving&#8221; parallax_image=&#8221;6748&#8243;][vc_column][vc_column_text]\n<div class=\"su-spacer\" style=\"height:40px\"><\/div>\n[\/vc_column_text][vc_single_image image=&#8221;6673&#8243; img_size=&#8221;large&#8221; alignment=&#8221;center&#8221; css_animation=&#8221;top-to-bottom&#8221;][\/vc_column][vc_column][vc_column_text]\n<h3 style=\"text-align: center;\"><span style=\"color: #ce4030;\">Descarga gratis del extracto del libro <\/span><\/h3>\n[\/vc_column_text][\/vc_column][vc_column width=&#8221;1\/4&#8243;][vc_column_text]\n<div class=\"su-spacer\" style=\"height:40px\"><\/div>\n[\/vc_column_text][\/vc_column][vc_column width=&#8221;1\/2&#8243;][vc_raw_html]JTNDJTIxLS1TVEFSVCUyMFNjcmlwdHMlMjAlM0ElMjB0aGlzJTIwaXMlMjB0aGUlMjBzY3JpcHQlMjBwYXJ0JTIweW91JTIwY2FuJTIwYWRkJTIwdG8lMjB0aGUlMjBoZWFkZXIlMjBvZiUyMHlvdXIlMjB0aGVtZS0tJTNFJTBBJTNDc2NyaXB0JTIwdHlwZSUzRCUyMnRleHQlMkZqYXZhc2NyaXB0JTIyJTIwc3JjJTNEJTIyaHR0cHMlM0ElMkYlMkZ3d3cud2llZGVyZ2Vib3JlbmUuZGUlMkZ3cC1pbmNsdWRlcyUyRmpzJTJGanF1ZXJ5JTJGanF1ZXJ5LmpzJTNGdmVyJTNEMi44LjIlMjIlM0UlM0MlMkZzY3JpcHQlM0UlMEElM0NzY3JpcHQlMjB0eXBlJTNEJTIydGV4dCUyRmphdmFzY3JpcHQlMjIlMjBzcmMlM0QlMjJodHRwcyUzQSUyRiUyRnd3dy53aWVkZXJnZWJvcmVuZS5kZSUyRndwLWNvbnRlbnQlMkZwbHVnaW5zJTJGd3lzaWphLW5ld3NsZXR0ZXJzJTJGanMlMkZ2YWxpZGF0ZSUyRmxhbmd1YWdlcyUyRmpxdWVyeS52YWxpZGF0aW9uRW5naW5lLWRlLmpzJTNGdmVyJTNEMi44LjIlMjIlM0UlM0MlMkZzY3JpcHQlM0UlMEElM0NzY3JpcHQlMjB0eXBlJTNEJTIydGV4dCUyRmphdmFzY3JpcHQlMjIlMjBzcmMlM0QlMjJodHRwcyUzQSUyRiUyRnd3dy53aWVkZXJnZWJvcmVuZS5kZSUyRndwLWNvbnRlbnQlMkZwbHVnaW5zJTJGd3lzaWphLW5ld3NsZXR0ZXJzJTJGanMlMkZ2YWxpZGF0ZSUyRmpxdWVyeS52YWxpZGF0aW9uRW5naW5lLmpzJTNGdmVyJTNEMi44LjIlMjIlM0UlM0MlMkZzY3JpcHQlM0UlMEElM0NzY3JpcHQlMjB0eXBlJTNEJTIydGV4dCUyRmphdmFzY3JpcHQlMjIlMjBzcmMlM0QlMjJodHRwcyUzQSUyRiUyRnd3dy53aWVkZXJnZWJvcmVuZS5kZSUyRndwLWNvbnRlbnQlMkZwbHVnaW5zJTJGd3lzaWphLW5ld3NsZXR0ZXJzJTJGanMlMkZmcm9udC1zdWJzY3JpYmVycy5qcyUzRnZlciUzRDIuOC4yJTIyJTNFJTNDJTJGc2NyaXB0JTNFJTBBJTNDc2NyaXB0JTIwdHlwZSUzRCUyMnRleHQlMkZqYXZhc2NyaXB0JTIyJTNFJTBBJTIwJTIwJTIwJTIwJTIwJTIwJTIwJTIwJTIwJTIwJTIwJTIwJTIwJTIwJTIwJTIwJTJGJTJBJTIwJTNDJTIxJTVCQ0RBVEElNUIlMjAlMkElMkYlMEElMjAlMjAlMjAlMjAlMjAlMjAlMjAlMjAlMjAlMjAlMjAlMjAlMjAlMjAlMjAlMjB2YXIlMjB3eXNpamFBSkFYJTIwJTNEJTIwJTdCJTIyYWN0aW9uJTIyJTNBJTIyd3lzaWphX2FqYXglMjIlMkMlMjJjb250cm9sbGVyJTIyJTNBJTIyc3Vic2NyaWJlcnMlMjIlMkMlMjJhamF4dXJsJTIyJTNBJTIyaHR0cHMlM0ElMkYlMkZ3d3cud2llZGVyZ2Vib3JlbmUuZGUlMkZ3cC1hZG1pbiUyRmFkbWluLWFqYXgucGhwJTIyJTJDJTIybG9hZGluZ1RyYW5zJTIyJTNBJTIyV2lyZCUyMGdlbGFkZW4uLi4lMjIlN0QlM0IlMEElMjAlMjAlMjAlMjAlMjAlMjAlMjAlMjAlMjAlMjAlMjAlMjAlMjAlMjAlMjAlMjAlMkYlMkElMjAlNUQlNUQlM0UlMjAlMkElMkYlMEElMjAlMjAlMjAlMjAlMjAlMjAlMjAlMjAlMjAlMjAlMjAlMjAlMjAlMjAlMjAlMjAlM0MlMkZzY3JpcHQlM0UlM0NzY3JpcHQlMjB0eXBlJTNEJTIydGV4dCUyRmphdmFzY3JpcHQlMjIlMjBzcmMlM0QlMjJodHRwcyUzQSUyRiUyRnd3dy53aWVkZXJnZWJvcmVuZS5kZSUyRndwLWNvbnRlbnQlMkZwbHVnaW5zJTJGd3lzaWphLW5ld3NsZXR0ZXJzJTJGanMlMkZmcm9udC1zdWJzY3JpYmVycy5qcyUzRnZlciUzRDIuOC4yJTIyJTNFJTNDJTJGc2NyaXB0JTNFJTBBJTNDJTIxLS1FTkQlMjBTY3JpcHRzLS0lM0UlMEElMEElM0NkaXYlMjBjbGFzcyUzRCUyMndpZGdldF93eXNpamFfY29udCUyMGh0bWxfd3lzaWphJTIyJTNFJTNDZGl2JTIwaWQlM0QlMjJtc2ctZm9ybS13eXNpamEtaHRtbDViMDdmNDJlNWY0ODAtMyUyMiUyMGNsYXNzJTNEJTIyd3lzaWphLW1zZyUyMGFqYXglMjIlM0UlM0MlMkZkaXYlM0UlM0Nmb3JtJTIwaWQlM0QlMjJmb3JtLXd5c2lqYS1odG1sNWIwN2Y0MmU1ZjQ4MC0zJTIyJTIwbWV0aG9kJTNEJTIycG9zdCUyMiUyMGFjdGlvbiUzRCUyMiUyM3d5c2lqYSUyMiUyMGNsYXNzJTNEJTIyd2lkZ2V0X3d5c2lqYSUyMGh0bWxfd3lzaWphJTIyJTNFJTBBJTNDcCUyMGNsYXNzJTNEJTIyd3lzaWphLXBhcmFncmFwaCUyMiUzRSUwQSUyMCUyMCUyMCUyMCUwQSUyMCUyMCUyMCUyMCUwQSUyMCUyMCUyMCUyMCUwOSUzQ2lucHV0JTIwdHlwZSUzRCUyMnRleHQlMjIlMjBuYW1lJTNEJTIyd3lzaWphJTVCdXNlciU1RCU1QmVtYWlsJTVEJTIyJTIwY2xhc3MlM0QlMjJ3eXNpamEtaW5wdXQlMjB2YWxpZGF0ZSU1QnJlcXVpcmVkJTJDY3VzdG9tJTVCZW1haWwlNUQlNUQlMjIlMjB0aXRsZSUzRCUyMkUtTWFpbCUyQSUyMiUyMHBsYWNlaG9sZGVyJTNEJTIyRS1NYWlsJTJBJTIyJTIwdmFsdWUlM0QlMjIlMjIlMjAlMkYlM0UlMEElMjAlMjAlMjAlMjAlMEElMjAlMjAlMjAlMjAlMEElMjAlMjAlMjAlMjAlMEElMjAlMjAlMjAlMjAlM0NzcGFuJTIwY2xhc3MlM0QlMjJhYnMtcmVxJTIyJTNFJTBBJTIwJTIwJTIwJTIwJTIwJTIwJTIwJTIwJTNDaW5wdXQlMjB0eXBlJTNEJTIydGV4dCUyMiUyMG5hbWUlM0QlMjJ3eXNpamElNUJ1c2VyJTVEJTVCYWJzJTVEJTVCZW1haWwlNUQlMjIlMjBjbGFzcyUzRCUyMnd5c2lqYS1pbnB1dCUyMHZhbGlkYXRlZCU1QmFicyU1RCU1QmVtYWlsJTVEJTIyJTIwdmFsdWUlM0QlMjIlMjIlMjAlMkYlM0UlMEElMjAlMjAlMjAlMjAlM0MlMkZzcGFuJTNFJTBBJTIwJTIwJTIwJTIwJTBBJTNDJTJGcCUzRSUwQSUzQ3AlMjBjbGFzcyUzRCUyMnd5c2lqYS1wYXJhZ3JhcGglMjIlM0UlMEElMDklM0NsYWJlbCUzRURhdGVuc2NodXR6JTIwRU4lM0MlMkZsYWJlbCUzRSUwQSUwOSUzQ2lucHV0JTIwdHlwZSUzRCUyMmhpZGRlbiUyMiUyMG5hbWUlM0QlMjJ3eXNpamElNUJmaWVsZCU1RCU1QmNmXzIlNUQlMjIlMjB2YWx1ZSUzRCUyMjAlMjIlMjAlMkYlM0UlMEElMjAlMjAlMjAlMjAlMEElMjAlMjAlMjAlMjAlMDklM0NsYWJlbCUyMGNsYXNzJTNEJTIyd3lzaWphLWNoZWNrYm94LWxhYmVsJTIyJTNFJTNDaW5wdXQlMjB0eXBlJTNEJTIyY2hlY2tib3glMjIlMjBjbGFzcyUzRCUyMnd5c2lqYS1jaGVja2JveCUyMHZhbGlkYXRlJTVCcmVxdWlyZWQlNUQlMjIlMjBuYW1lJTNEJTIyd3lzaWphJTVCZmllbGQlNUQlNUJjZl8yJTVEJTIyJTIwdmFsdWUlM0QlMjIxJTIyJTIwJTIwJTJGJTNFSSUyMGhhdmUlMjByZWFkJTIwdGhlJTIwcHJpdmFjeSUyMHBvbGljeSUyMGFuZCUyMGFjY2VwdCUyMGl0LiUzQyUyRmxhYmVsJTNFJTBBJTIwJTIwJTIwJTIwJTBBJTNDJTJGcCUzRSUwQSUwQSUzQ2lucHV0JTIwY2xhc3MlM0QlMjJ3eXNpamEtc3VibWl0JTIwd3lzaWphLXN1Ym1pdC1maWVsZCUyMiUyMHR5cGUlM0QlMjJzdWJtaXQlMjIlMjB2YWx1ZSUzRCUyMlNlbmRlbiUyMiUyMCUyRiUzRSUwQSUwQSUyMCUyMCUyMCUyMCUzQ2lucHV0JTIwdHlwZSUzRCUyMmhpZGRlbiUyMiUyMG5hbWUlM0QlMjJmb3JtX2lkJTIyJTIwdmFsdWUlM0QlMjIzJTIyJTIwJTJGJTNFJTBBJTIwJTIwJTIwJTIwJTNDaW5wdXQlMjB0eXBlJTNEJTIyaGlkZGVuJTIyJTIwbmFtZSUzRCUyMmFjdGlvbiUyMiUyMHZhbHVlJTNEJTIyc2F2ZSUyMiUyMCUyRiUzRSUwQSUyMCUyMCUyMCUyMCUzQ2lucHV0JTIwdHlwZSUzRCUyMmhpZGRlbiUyMiUyMG5hbWUlM0QlMjJjb250cm9sbGVyJTIyJTIwdmFsdWUlM0QlMjJzdWJzY3JpYmVycyUyMiUyMCUyRiUzRSUwQSUyMCUyMCUyMCUyMCUzQ2lucHV0JTIwdHlwZSUzRCUyMmhpZGRlbiUyMiUyMHZhbHVlJTNEJTIyMSUyMiUyMG5hbWUlM0QlMjJ3eXNpamEtcGFnZSUyMiUyMCUyRiUzRSUwQSUwQSUyMCUyMCUyMCUyMCUwQSUyMCUyMCUyMCUyMCUyMCUyMCUyMCUyMCUzQ2lucHV0JTIwdHlwZSUzRCUyMmhpZGRlbiUyMiUyMG5hbWUlM0QlMjJ3eXNpamElNUJ1c2VyX2xpc3QlNUQlNUJsaXN0X2lkcyU1RCUyMiUyMHZhbHVlJTNEJTIyOSUyMiUyMCUyRiUzRSUwQSUyMCUyMCUyMCUyMCUwQSUyMCUzQyUyRmZvcm0lM0UlM0MlMkZkaXYlM0U=[\/vc_raw_html][\/vc_column][vc_column width=&#8221;1\/4&#8243;][vc_column_text]\n<div class=\"su-spacer\" style=\"height:40px\"><\/div>\n[\/vc_column_text][\/vc_column][vc_column][vc_column_text]\n<div class=\"su-spacer\" style=\"height:40px\"><\/div>\n[\/vc_column_text][\/vc_column][\/vc_row]\n","protected":false},"excerpt":{"rendered":"<p>[vc_row][vc_column][rev_slider_vc alias=&#8221;wiedergeborene&#8221;][\/vc_column][vc_column width=&#8221;1\/3&#8243;][vc_column_text] El pulpo: Kai [\/vc_column_text][\/vc_column][vc_column width=&#8221;1\/3&#8243;][vc_column_text] El cervatillo: Anuschka [\/vc_column_text][\/vc_column][vc_column width=&#8221;1\/3&#8243;][vc_column_text] La dragona: Fulna [\/vc_column_text][\/vc_column][\/vc_row][vc_row][vc_column][vc_separator color=&#8221;white&#8221;][vc_column_text] Despu\u00e9s de 10 a\u00f1os de ejercer como profesora, Renate Weber, de 34 a\u00f1os, se encuentra a s\u00ed misma en una psiquiatr\u00eda especializada para sintomatolog\u00edas psicosom\u00e1ticas. Lo que inicialmente parece el resultado de un burnout (=agotamiento)\u00a0se revela paulatinamente [&#8230;]<\/p>\n","protected":false},"author":1,"featured_media":0,"parent":0,"menu_order":0,"comment_status":"closed","ping_status":"closed","template":"","meta":{"footnotes":""},"class_list":["post-6890","page","type-page","status-publish","hentry"],"_links":{"self":[{"href":"https:\/\/www.wiedergeborene.de\/es\/wp-json\/wp\/v2\/pages\/6890","targetHints":{"allow":["GET"]}}],"collection":[{"href":"https:\/\/www.wiedergeborene.de\/es\/wp-json\/wp\/v2\/pages"}],"about":[{"href":"https:\/\/www.wiedergeborene.de\/es\/wp-json\/wp\/v2\/types\/page"}],"author":[{"embeddable":true,"href":"https:\/\/www.wiedergeborene.de\/es\/wp-json\/wp\/v2\/users\/1"}],"replies":[{"embeddable":true,"href":"https:\/\/www.wiedergeborene.de\/es\/wp-json\/wp\/v2\/comments?post=6890"}],"version-history":[{"count":12,"href":"https:\/\/www.wiedergeborene.de\/es\/wp-json\/wp\/v2\/pages\/6890\/revisions"}],"predecessor-version":[{"id":7607,"href":"https:\/\/www.wiedergeborene.de\/es\/wp-json\/wp\/v2\/pages\/6890\/revisions\/7607"}],"wp:attachment":[{"href":"https:\/\/www.wiedergeborene.de\/es\/wp-json\/wp\/v2\/media?parent=6890"}],"curies":[{"name":"wp","href":"https:\/\/api.w.org\/{rel}","templated":true}]}}