{"id":6730,"date":"2015-10-06T15:09:45","date_gmt":"2015-10-06T13:09:45","guid":{"rendered":"http:\/\/www.wiedergeborene.de\/?page_id=6730"},"modified":"2016-11-04T15:41:29","modified_gmt":"2016-11-04T14:41:29","slug":"commentarios-de-lectores","status":"publish","type":"page","link":"https:\/\/www.wiedergeborene.de\/es\/commentarios-de-lectores\/","title":{"rendered":"Commentarios de lectores"},"content":{"rendered":"[vc_row][vc_column][vc_column_text]\n<div class=\"su-quote su-quote-style-default su-quote-has-cite\"><div class=\"su-quote-inner su-u-clearfix su-u-trim\"><span class=\"su-quote-cite\">Ya le\u00ed su extracto del libro. Me conmovi\u00f3 mucho lo que usted escribi\u00f3. Me encantaron los dibujos que ilustran muy bien lo que usted quiere decir. Sufr\u00ed del abuso sexual yo mismo y por eso puedo comprender que dif\u00edcil est\u00e1 la situaci\u00f3n por uno-al todav\u00eda ser parte de la misma familia. Me cae muy bien la manera de como \u00fasted trata este tema y tengo mucha admiraci\u00f3n por ello. Espero que su autobiograf\u00eda conmover\u00e1 a mucha gente m\u00e1s. Solamente quer\u00eda escribirle para decirle que yo creo que su historia puede ofrecer mucho a la gente. Al fin y al cabo puede decir eso por el caso mio.\u201d<\/span><\/div><\/div>\n<p style=\"text-align: justify;\"><div class=\"su-quote su-quote-style-default su-quote-has-cite\"><div class=\"su-quote-inner su-u-clearfix su-u-trim\"><span class=\"su-quote-cite\">Gracias para compartir eso conmigo. Espero que tu viaje te ayude a encontrar cura, alivio y completitud. Pero pienso que tienes raz\u00f3n que hay otros que puedan beneficiar de o\u00edr de tu viaje et como eso les puede ayudar. \u201c <\/span><\/div><\/div>\n<div class=\"su-quote su-quote-style-default su-quote-has-cite\"><div class=\"su-quote-inner su-u-clearfix su-u-trim\"><span class=\"su-quote-cite\">Hola, espero con alegr\u00eda de leer tu libro. Le\u00ed el extracto con mucho inter\u00e9s. Leyendo pod\u00eda imaginarte inmediatamente. Gracias para confiar en m\u00ed.\u201c<\/span><\/div><\/div>\n<div class=\"su-quote su-quote-style-default su-quote-has-cite\"><div class=\"su-quote-inner su-u-clearfix su-u-trim\"><span class=\"su-quote-cite\">Su mensaje electr\u00f3nico lleg\u00f3 y el anexo nos emocion\u00f3 mucho. Tenemos mucha admiraci\u00f3n para la energ\u00eda que usted tiene, encontrando su propio camino y todav\u00eda andando lo. Le congratulamos para su estilo austero. Logr\u00f3 a compartir su historia con el lector sin desbordarle. Estamos seguros que personas afectadas (y quiz\u00e1s su familia) beneficiaran de la lectura de su novela autobiogr\u00e1fica. Lo que describe- su camino en una psiquiatr\u00eda- es un tema no muy com\u00fan-sobre todo no con esta intensidad.\u201c<\/span><\/div><\/div>\n<div class=\"su-quote su-quote-style-default su-quote-has-cite\"><div class=\"su-quote-inner su-u-clearfix su-u-trim\"><span class=\"su-quote-cite\">Est\u00e1 bien de leer que escribir te ayud\u00e9 a encontrar un modo de vivir con tus experiencias y tambi\u00e9n de animar otros con su novela. Como ya tenemos novelas autobiogr\u00e1ficas en nuestra biblioteca me imagino que tu libro estar\u00e9 aqu\u00ed muy pronto. Te deseo mucha suerte.\u201c<\/span><\/div><\/div>\n<div class=\"su-quote su-quote-style-default su-quote-has-cite\"><div class=\"su-quote-inner su-u-clearfix su-u-trim\"><span class=\"su-quote-cite\">Hace ya un tiempo que le\u00ed tu extracto. Curiosamente pod\u00eda verte en todo lo que has descrito. Vi a tus partes interiores: la mujer anal\u00edtica, la ni\u00f1a rebelde y la mujer adulta.\u201c<\/span><\/div><\/div>\n<div class=\"su-quote su-quote-style-default su-quote-has-cite\"><div class=\"su-quote-inner su-u-clearfix su-u-trim\"><span class=\"su-quote-cite\">Me gust\u00f3 much\u00edsimo tu extracto. Me alegro cuando pude leer toda tu historia de vida. Creo que eres muy valiente y tengo mucho respeto para lo que est\u00e1s haciendo.\u201c<\/span><\/div><\/div>\n<div class=\"su-quote su-quote-style-default su-quote-has-cite\"><div class=\"su-quote-inner su-u-clearfix su-u-trim\"><span class=\"su-quote-cite\">Gracias para el extracto-Me ha descrito muy bien. Me alegro de verle otra vez. Hasta entonces: \u00a1cuidase!\u201c<\/span><\/div><\/div>\n<div class=\"su-quote su-quote-style-default su-quote-has-cite\"><div class=\"su-quote-inner su-u-clearfix su-u-trim\"><span class=\"su-quote-cite\">Te deseo el coraje de continuar a aceptar los pulpos de esta vida como parte de la misma.\u201c<\/span><\/div><\/div>\n<div class=\"su-quote su-quote-style-default su-quote-has-cite\"><div class=\"su-quote-inner su-u-clearfix su-u-trim\"><span class=\"su-quote-cite\">Somos un centro de consejo para mujeres embarazadas. Damos consejos seg\u00fan el derecho de curatela. Ya nos encontramos con persona que han sido v\u00edctimas del abuso sexual. Si usted est\u00e1 de acuerdo transmitiremos vuestro extracto a nuestros trabajadores sociales.\u201c <\/span><\/div><\/div>\n<div class=\"su-quote su-quote-style-default su-quote-has-cite\"><div class=\"su-quote-inner su-u-clearfix su-u-trim\"><span class=\"su-quote-cite\">Finalmente ten\u00edamos tiempo para leer su extracto. Tiene toda nuestra estimaci\u00f3n: nos parece muy interesante y sobre todo muy sincero que est\u00e1 escribiendo. Podemos imaginarnos que ha costado mucha energ\u00eda de escribir y publicarlo.\u201c <\/span><\/div><\/div>\n<div class=\"su-quote su-quote-style-default su-quote-has-cite\"><div class=\"su-quote-inner su-u-clearfix su-u-trim\"><span class=\"su-quote-cite\">Esto es un proyecto maravilloso. \u00a1Gracias para compartir lo conmigo!\u201c <\/span><\/div><\/div>\n<div class=\"su-quote su-quote-style-default su-quote-has-cite\"><div class=\"su-quote-inner su-u-clearfix su-u-trim\"><span class=\"su-quote-cite\">MUCHAS GRACIAS PARA EL CUENTO DE CURACION FULNA. DESEO A USTED TODAVIA MUCHOS MAS VIAJES AL CENTRO DE VUESTRO SER. QUE CONTINUE DE ENCONTRAR LA FELICIDAD EN SU TRABAJO CON LOS ALUMNOS. A MANTENER LA ESPERANZA EN EL FUTURO Y LA FUERZA PARA LOS DIAS AGOTANTES!\u201c <\/span><\/div><\/div>\n<div class=\"su-quote su-quote-style-default su-quote-has-cite\"><div class=\"su-quote-inner su-u-clearfix su-u-trim\"><span class=\"su-quote-cite\">\u201cFULNA\u201d ES UN CUENTO DE CURACION EXTRANABLE QUE NOS ANIMA DE REFLECIONAR SOBRE LA RELACION ENTRE LOS PERSONAS Y ANIMALES. AL LEERLO EN VOZ ALTA A UN NINO DE 6 ANOS TUVE QUE SONREIR A MENUDO Y EL NINO SOLTO VARIAS CARCAJADAS. EL CUENTO NOS GUSTO A LOS DOS.\u201c <\/span><\/div><\/div>\n<div class=\"su-quote su-quote-style-default su-quote-has-cite\"><div class=\"su-quote-inner su-u-clearfix su-u-trim\"><span class=\"su-quote-cite\">El CUENTO DE CURACION \u201cFULNA\u201d ME LO LEI EN UN SOLO DIA. PORQUE A PESAR DE QUE YO PENSE QUE ERA SOLO PARA NINOS ME DI CUENTA QUE TAMBIEN A LOS MAYORES NOS GUSTA SABER QUE TODAVIA HAY PERSONAS CON AMOR HACIA LOS ANIMALES. ESPERO QUE VA HABER MAS LIBROS BONITOS ESCRITAS CON TANTA ILUSION.\u201c <\/span><\/div><\/div>\n<div class=\"su-quote su-quote-style-default su-quote-has-cite\"><div class=\"su-quote-inner su-u-clearfix su-u-trim\"><span class=\"su-quote-cite\">AYER LEI EL CUENTO DE CURACION \u201cFULNA\u201d. ME GUSTO MUCHISIMO. YA MI AMIGA ME HA PEDIDO QUE YO LO LEYERA A ELLA. VOY A CONTAR A USTED COMO LE HA GUSTADO A ELLA.\u201c <\/span><\/div><\/div>\n<p>&nbsp;<\/p>\n[\/vc_column_text][\/vc_column][\/vc_row]\n","protected":false},"excerpt":{"rendered":"<p>[vc_row][vc_column][vc_column_text] Ya le\u00ed su extracto del libro. Me conmovi\u00f3 mucho lo que usted escribi\u00f3. Me encantaron los dibujos que ilustran muy bien lo que usted quiere decir. Sufr\u00ed del abuso sexual yo mismo y por eso puedo comprender que dif\u00edcil est\u00e1 la situaci\u00f3n por uno-al todav\u00eda ser parte de la misma familia. Me cae muy [&#8230;]<\/p>\n","protected":false},"author":1,"featured_media":0,"parent":0,"menu_order":0,"comment_status":"closed","ping_status":"closed","template":"","meta":{"footnotes":""},"class_list":["post-6730","page","type-page","status-publish","hentry"],"_links":{"self":[{"href":"https:\/\/www.wiedergeborene.de\/es\/wp-json\/wp\/v2\/pages\/6730","targetHints":{"allow":["GET"]}}],"collection":[{"href":"https:\/\/www.wiedergeborene.de\/es\/wp-json\/wp\/v2\/pages"}],"about":[{"href":"https:\/\/www.wiedergeborene.de\/es\/wp-json\/wp\/v2\/types\/page"}],"author":[{"embeddable":true,"href":"https:\/\/www.wiedergeborene.de\/es\/wp-json\/wp\/v2\/users\/1"}],"replies":[{"embeddable":true,"href":"https:\/\/www.wiedergeborene.de\/es\/wp-json\/wp\/v2\/comments?post=6730"}],"version-history":[{"count":17,"href":"https:\/\/www.wiedergeborene.de\/es\/wp-json\/wp\/v2\/pages\/6730\/revisions"}],"predecessor-version":[{"id":6857,"href":"https:\/\/www.wiedergeborene.de\/es\/wp-json\/wp\/v2\/pages\/6730\/revisions\/6857"}],"wp:attachment":[{"href":"https:\/\/www.wiedergeborene.de\/es\/wp-json\/wp\/v2\/media?parent=6730"}],"curies":[{"name":"wp","href":"https:\/\/api.w.org\/{rel}","templated":true}]}}