{"id":6648,"date":"2015-10-05T16:03:53","date_gmt":"2015-10-05T14:03:53","guid":{"rendered":"http:\/\/www.wiedergeborene.de\/?page_id=6648"},"modified":"2015-11-06T17:16:20","modified_gmt":"2015-11-06T16:16:20","slug":"el-cervatillo-anuschka","status":"publish","type":"page","link":"https:\/\/www.wiedergeborene.de\/es\/el-cervatillo-anuschka\/","title":{"rendered":"El cervatillo: Anuschka"},"content":{"rendered":"[vc_row][vc_column][vc_single_image image=&#8221;6565&#8243; img_size=&#8221;full&#8221; css_animation=&#8221;left-to-right&#8221;][\/vc_column][\/vc_row][vc_row][vc_column][vc_column_text css_animation=&#8221;top-to-bottom&#8221;]\n<h3>\u00a1Hola!,<\/h3>\n<p style=\"text-align: justify\">Soy Anuschka, el cervatillo. Como no soy adulta, tengo todav\u00eda el pelaje marr\u00f3n con puntos blancos. Hace poco tiempo que estoy en Aenderland. Me fui del mundo donde nac\u00ed. No conozco la dragona roja tanto tiempo y mucho de lo que ella me dice no comprendo. No s\u00e9 que nos hacemos aqu\u00ed y porque los otros tienen tanto miedo. Pero me gusta Kai el pulpo. El me hace re\u00edr mucho con sus bromas.<\/p>\n[\/vc_column_text][\/vc_column][\/vc_row][vc_row][vc_column][vc_column_text css_animation=&#8221;bottom-to-top&#8221;]\n<div class=\"su-button-center\"><a href=\"https:\/\/www.wiedergeborene.de\/es\" class=\"su-button su-button-style-default\" style=\"color:#FFFFFF;background-color:#ce4031;border-color:#a53428;border-radius:0px\" target=\"_self\"><span style=\"color:#FFFFFF;padding:7px 22px;font-size:17px;line-height:26px;border-color:#dd7a6f;border-radius:0px;text-shadow:none\"><i class=\"sui sui-home\" style=\"font-size:17px;color:#FFFFFF\"><\/i> Regrese a la p\u00e1gina principal<\/span><\/a><\/div>\n[\/vc_column_text][\/vc_column][\/vc_row]\n","protected":false},"excerpt":{"rendered":"<p>[vc_row][vc_column][vc_single_image image=&#8221;6565&#8243; img_size=&#8221;full&#8221; css_animation=&#8221;left-to-right&#8221;][\/vc_column][\/vc_row][vc_row][vc_column][vc_column_text css_animation=&#8221;top-to-bottom&#8221;] \u00a1Hola!, Soy Anuschka, el cervatillo. Como no soy adulta, tengo todav\u00eda el pelaje marr\u00f3n con puntos blancos. Hace poco tiempo que estoy en Aenderland. Me fui del mundo donde nac\u00ed. No conozco la dragona roja tanto tiempo y mucho de lo que ella me dice no comprendo. No s\u00e9 que [&#8230;]<\/p>\n","protected":false},"author":1,"featured_media":6565,"parent":0,"menu_order":0,"comment_status":"closed","ping_status":"closed","template":"","meta":{"footnotes":""},"class_list":["post-6648","page","type-page","status-publish","has-post-thumbnail","hentry"],"_links":{"self":[{"href":"https:\/\/www.wiedergeborene.de\/es\/wp-json\/wp\/v2\/pages\/6648","targetHints":{"allow":["GET"]}}],"collection":[{"href":"https:\/\/www.wiedergeborene.de\/es\/wp-json\/wp\/v2\/pages"}],"about":[{"href":"https:\/\/www.wiedergeborene.de\/es\/wp-json\/wp\/v2\/types\/page"}],"author":[{"embeddable":true,"href":"https:\/\/www.wiedergeborene.de\/es\/wp-json\/wp\/v2\/users\/1"}],"replies":[{"embeddable":true,"href":"https:\/\/www.wiedergeborene.de\/es\/wp-json\/wp\/v2\/comments?post=6648"}],"version-history":[{"count":7,"href":"https:\/\/www.wiedergeborene.de\/es\/wp-json\/wp\/v2\/pages\/6648\/revisions"}],"predecessor-version":[{"id":6899,"href":"https:\/\/www.wiedergeborene.de\/es\/wp-json\/wp\/v2\/pages\/6648\/revisions\/6899"}],"wp:featuredmedia":[{"embeddable":true,"href":"https:\/\/www.wiedergeborene.de\/es\/wp-json\/wp\/v2\/media\/6565"}],"wp:attachment":[{"href":"https:\/\/www.wiedergeborene.de\/es\/wp-json\/wp\/v2\/media?parent=6648"}],"curies":[{"name":"wp","href":"https:\/\/api.w.org\/{rel}","templated":true}]}}